{"id":486,"date":"2023-07-13T17:27:47","date_gmt":"2023-07-13T17:27:47","guid":{"rendered":"https:\/\/agostinatarchini.com\/?page_id=486"},"modified":"2023-07-13T17:50:22","modified_gmt":"2023-07-13T17:50:22","slug":"carrera-profesional","status":"publish","type":"page","link":"https:\/\/agostinatarchini.com\/?page_id=486","title":{"rendered":"Professional career"},"content":{"rendered":"\t\t<div data-elementor-type=\"wp-page\" data-elementor-id=\"486\" class=\"elementor elementor-486\">\n\t\t\t\t\t\t\t\t\t<section class=\"elementor-section elementor-top-section elementor-element elementor-element-7fb6d2b elementor-section-boxed elementor-section-height-default elementor-section-height-default\" data-id=\"7fb6d2b\" data-element_type=\"section\">\n\t\t\t\t\t\t<div class=\"elementor-container elementor-column-gap-default\">\n\t\t\t\t\t<div class=\"elementor-column elementor-col-100 elementor-top-column elementor-element elementor-element-74177dd\" data-id=\"74177dd\" data-element_type=\"column\">\n\t\t\t<div class=\"elementor-widget-wrap elementor-element-populated\">\n\t\t\t\t\t\t\t\t<div class=\"elementor-element elementor-element-624d054 elementor-widget elementor-widget-button\" data-id=\"624d054\" data-element_type=\"widget\" data-widget_type=\"button.default\">\n\t\t\t\t<div class=\"elementor-widget-container\">\n\t\t\t\t\t<div class=\"elementor-button-wrapper\">\n\t\t\t<a class=\"elementor-button elementor-button-link elementor-size-md\" href=\"http:\/\/agostinatarchini.com\/wp-content\/uploads\/2023\/07\/Agostina_Tarchini_CV.pdf\">\n\t\t\t\t\t\t<span class=\"elementor-button-content-wrapper\">\n\t\t\t\t\t\t<span class=\"elementor-button-icon elementor-align-icon-left\">\n\t\t\t\t<i aria-hidden=\"true\" class=\"fas fa-file-pdf\"><\/i>\t\t\t<\/span>\n\t\t\t\t\t\t<span class=\"elementor-button-text\">Download CV<\/span>\n\t\t<\/span>\n\t\t\t\t\t<\/a>\n\t\t<\/div>\n\t\t\t\t<\/div>\n\t\t\t\t<\/div>\n\t\t\t\t\t<\/div>\n\t\t<\/div>\n\t\t\t\t\t\t\t<\/div>\n\t\t<\/section>\n\t\t\t\t<section class=\"elementor-section elementor-top-section elementor-element elementor-element-5ec26cc elementor-section-boxed elementor-section-height-default elementor-section-height-default\" data-id=\"5ec26cc\" data-element_type=\"section\">\n\t\t\t\t\t\t<div class=\"elementor-container elementor-column-gap-default\">\n\t\t\t\t\t<div class=\"elementor-column elementor-col-100 elementor-top-column elementor-element elementor-element-77e997d\" data-id=\"77e997d\" data-element_type=\"column\">\n\t\t\t<div class=\"elementor-widget-wrap elementor-element-populated\">\n\t\t\t\t\t\t\t\t<div class=\"elementor-element elementor-element-d8bc408 elementor-widget elementor-widget-spacer\" data-id=\"d8bc408\" data-element_type=\"widget\" data-widget_type=\"spacer.default\">\n\t\t\t\t<div class=\"elementor-widget-container\">\n\t\t\t<style>\/*! elementor - v3.14.0 - 26-06-2023 *\/\n.elementor-column .elementor-spacer-inner{height:var(--spacer-size)}.e-con{--container-widget-width:100%}.e-con-inner>.elementor-widget-spacer,.e-con>.elementor-widget-spacer{width:var(--container-widget-width,var(--spacer-size));--align-self:var(--container-widget-align-self,initial);--flex-shrink:0}.e-con-inner>.elementor-widget-spacer>.elementor-widget-container,.e-con-inner>.elementor-widget-spacer>.elementor-widget-container>.elementor-spacer,.e-con>.elementor-widget-spacer>.elementor-widget-container,.e-con>.elementor-widget-spacer>.elementor-widget-container>.elementor-spacer{height:100%}.e-con-inner>.elementor-widget-spacer>.elementor-widget-container>.elementor-spacer>.elementor-spacer-inner,.e-con>.elementor-widget-spacer>.elementor-widget-container>.elementor-spacer>.elementor-spacer-inner{height:var(--container-widget-height,var(--spacer-size))}<\/style>\t\t<div class=\"elementor-spacer\">\n\t\t\t<div class=\"elementor-spacer-inner\"><\/div>\n\t\t<\/div>\n\t\t\t\t<\/div>\n\t\t\t\t<\/div>\n\t\t\t\t\t<\/div>\n\t\t<\/div>\n\t\t\t\t\t\t\t<\/div>\n\t\t<\/section>\n\t\t\t\t<section class=\"elementor-section elementor-top-section elementor-element elementor-element-baf5d18 elementor-section-boxed elementor-section-height-default elementor-section-height-default\" data-id=\"baf5d18\" data-element_type=\"section\">\n\t\t\t\t\t\t<div class=\"elementor-container elementor-column-gap-default\">\n\t\t\t\t\t<div class=\"elementor-column elementor-col-100 elementor-top-column elementor-element elementor-element-78e7d15\" data-id=\"78e7d15\" data-element_type=\"column\">\n\t\t\t<div class=\"elementor-widget-wrap elementor-element-populated\">\n\t\t\t\t\t\t\t\t<div class=\"elementor-element elementor-element-630c390 elementor-widget elementor-widget-heading\" data-id=\"630c390\" data-element_type=\"widget\" data-widget_type=\"heading.default\">\n\t\t\t\t<div class=\"elementor-widget-container\">\n\t\t\t<style>\/*! elementor - v3.14.0 - 26-06-2023 *\/\n.elementor-heading-title{padding:0;margin:0;line-height:1}.elementor-widget-heading .elementor-heading-title[class*=elementor-size-]>a{color:inherit;font-size:inherit;line-height:inherit}.elementor-widget-heading .elementor-heading-title.elementor-size-small{font-size:15px}.elementor-widget-heading .elementor-heading-title.elementor-size-medium{font-size:19px}.elementor-widget-heading .elementor-heading-title.elementor-size-large{font-size:29px}.elementor-widget-heading .elementor-heading-title.elementor-size-xl{font-size:39px}.elementor-widget-heading .elementor-heading-title.elementor-size-xxl{font-size:59px}<\/style><h2 class=\"elementor-heading-title elementor-size-default\">Professional career<\/h2>\t\t<\/div>\n\t\t\t\t<\/div>\n\t\t\t\t\t<\/div>\n\t\t<\/div>\n\t\t\t\t\t\t\t<\/div>\n\t\t<\/section>\n\t\t\t\t<section class=\"elementor-section elementor-top-section elementor-element elementor-element-4b30530 elementor-section-boxed elementor-section-height-default elementor-section-height-default\" data-id=\"4b30530\" data-element_type=\"section\">\n\t\t\t\t\t\t<div class=\"elementor-container elementor-column-gap-default\">\n\t\t\t\t\t<div class=\"elementor-column elementor-col-100 elementor-top-column elementor-element elementor-element-9e7bfd6\" data-id=\"9e7bfd6\" data-element_type=\"column\">\n\t\t\t<div class=\"elementor-widget-wrap elementor-element-populated\">\n\t\t\t\t\t\t\t\t<div class=\"elementor-element elementor-element-b6a63a5 elementor-widget elementor-widget-text-editor\" data-id=\"b6a63a5\" data-element_type=\"widget\" data-widget_type=\"text-editor.default\">\n\t\t\t\t<div class=\"elementor-widget-container\">\n\t\t\t<style>\/*! elementor - v3.14.0 - 26-06-2023 *\/\n.elementor-widget-text-editor.elementor-drop-cap-view-stacked .elementor-drop-cap{background-color:#69727d;color:#fff}.elementor-widget-text-editor.elementor-drop-cap-view-framed .elementor-drop-cap{color:#69727d;border:3px solid;background-color:transparent}.elementor-widget-text-editor:not(.elementor-drop-cap-view-default) .elementor-drop-cap{margin-top:8px}.elementor-widget-text-editor:not(.elementor-drop-cap-view-default) .elementor-drop-cap-letter{width:1em;height:1em}.elementor-widget-text-editor .elementor-drop-cap{float:left;text-align:center;line-height:1;font-size:50px}.elementor-widget-text-editor .elementor-drop-cap-letter{display:inline-block}<\/style>\t\t\t\t<p><strong>Agostina Tarchini:<\/strong><br \/>Psychologist, choreographer And profesional dancer.<\/p>\n<p>\u00a0<\/p>\n<p>\u2013\u00a0<strong>World Stage Tango Champion<\/strong>\u00a0in Buenos Aires (2017)<\/p>\n<p>\u2013 Subchampion of the TangoV\u00eda Feria de Manizales Festival. (Colombia 2015).<\/p>\n<p>\u2013 Best Female Dancer at the CIOFF Buyukcekmece Festival (T\u00fcrkiye 2016).<\/p>\n<p>\u00a0<\/p>\n<p>Creator of her own style called tangofemme, which seeks to strengthen the self-esteem of women.<\/p>\n<p>\u00a0<\/p>\n<p>She is argentinian, but currently resides in Barcelona where develops her activity giving workshops and shows internationally (mainly Asia and Europe).<\/p>\t\t\t\t\t\t<\/div>\n\t\t\t\t<\/div>\n\t\t\t\t\t<\/div>\n\t\t<\/div>\n\t\t\t\t\t\t\t<\/div>\n\t\t<\/section>\n\t\t\t\t<section class=\"elementor-section elementor-top-section elementor-element elementor-element-5827aca elementor-section-boxed elementor-section-height-default elementor-section-height-default\" data-id=\"5827aca\" data-element_type=\"section\">\n\t\t\t\t\t\t<div class=\"elementor-container elementor-column-gap-default\">\n\t\t\t\t\t<div class=\"elementor-column elementor-col-100 elementor-top-column elementor-element elementor-element-ff16262\" data-id=\"ff16262\" data-element_type=\"column\">\n\t\t\t<div class=\"elementor-widget-wrap elementor-element-populated\">\n\t\t\t\t\t\t\t\t<div class=\"elementor-element elementor-element-5306340 elementor-widget elementor-widget-spacer\" data-id=\"5306340\" data-element_type=\"widget\" data-widget_type=\"spacer.default\">\n\t\t\t\t<div class=\"elementor-widget-container\">\n\t\t\t\t\t<div class=\"elementor-spacer\">\n\t\t\t<div class=\"elementor-spacer-inner\"><\/div>\n\t\t<\/div>\n\t\t\t\t<\/div>\n\t\t\t\t<\/div>\n\t\t\t\t\t<\/div>\n\t\t<\/div>\n\t\t\t\t\t\t\t<\/div>\n\t\t<\/section>\n\t\t\t\t<section class=\"elementor-section elementor-top-section elementor-element elementor-element-2460124 elementor-section-boxed elementor-section-height-default elementor-section-height-default\" data-id=\"2460124\" data-element_type=\"section\">\n\t\t\t\t\t\t<div class=\"elementor-container elementor-column-gap-default\">\n\t\t\t\t\t<div class=\"elementor-column elementor-col-100 elementor-top-column elementor-element elementor-element-f41c3d0\" data-id=\"f41c3d0\" data-element_type=\"column\">\n\t\t\t<div class=\"elementor-widget-wrap elementor-element-populated\">\n\t\t\t\t\t\t\t\t<div class=\"elementor-element elementor-element-0b0be23 elementor-widget elementor-widget-heading\" data-id=\"0b0be23\" data-element_type=\"widget\" data-widget_type=\"heading.default\">\n\t\t\t\t<div class=\"elementor-widget-container\">\n\t\t\t<h2 class=\"elementor-heading-title elementor-size-default\">Versi\u00f3n extendida<\/h2>\t\t<\/div>\n\t\t\t\t<\/div>\n\t\t\t\t\t<\/div>\n\t\t<\/div>\n\t\t\t\t\t\t\t<\/div>\n\t\t<\/section>\n\t\t\t\t<section class=\"elementor-section elementor-top-section elementor-element elementor-element-271d449 elementor-section-boxed elementor-section-height-default elementor-section-height-default\" data-id=\"271d449\" data-element_type=\"section\">\n\t\t\t\t\t\t<div class=\"elementor-container elementor-column-gap-default\">\n\t\t\t\t\t<div class=\"elementor-column elementor-col-100 elementor-top-column elementor-element elementor-element-eae2798\" data-id=\"eae2798\" data-element_type=\"column\">\n\t\t\t<div class=\"elementor-widget-wrap elementor-element-populated\">\n\t\t\t\t\t\t\t\t<div class=\"elementor-element elementor-element-04f3bd2 elementor-widget elementor-widget-text-editor\" data-id=\"04f3bd2\" data-element_type=\"widget\" data-widget_type=\"text-editor.default\">\n\t\t\t\t<div class=\"elementor-widget-container\">\n\t\t\t\t\t\t\t<p><strong>Agostina Tarchini<\/strong>:<\/p>\n<p>Nacida en Santiago del Estero. Es core\u00f3grafa y bailarina profesional.<\/p>\n<p>Licenciada en Psicolog\u00eda, recibida con honores de la Universidad del Salvador de Argentina.<\/p>\n<p>\u00a0<\/p>\n<p>\u2013\u00a0<strong>Campeona Mundial de Tango Escenario<\/strong>\u00a0(2017)<\/p>\n<p>\u2013 Subcampeona del Festival de TangoV\u00eda Feria de Manizales. (Colombia 2015).<\/p>\n<p>\u2013 Best Female Dancer en el Festival CIOFF Buyukcekmece (Turqu\u00eda 2016).<\/p>\n<p>\u2013 Miss Festival dentro del marco del festival de CIOFF \u201cInterfolk Festival\u201d Kolobrzeg. (Polonia 2016).<\/p>\n<p>\u2013 Elegida con el premio DIOMEDES TUNEZ, por sus aportes a la identidad cultural (Venezuela 2018).<\/p>\n<p><br \/>Actualmente reside en Barcelona y desarrolla su actividad otorgando workshops y shows a nivel internacional.<\/p>\n<p><br \/><strong>Asia<\/strong>: Japon, Filipinas, Corea del Sur, China, Brun\u00e9i, Indonesia, Malasia, Rusia.<br \/><strong>Europa<\/strong>: Espa\u00f1a, Francia, Portugal, Alemania, Polonia, Eslovenia, Turqu\u00eda,<br \/><strong>Am\u00e9rica Latina<\/strong>: Argentina, Chile, Brasil, M\u00e9xico, Colombia, Uruguay.<\/p>\t\t\t\t\t\t<\/div>\n\t\t\t\t<\/div>\n\t\t\t\t\t<\/div>\n\t\t<\/div>\n\t\t\t\t\t\t\t<\/div>\n\t\t<\/section>\n\t\t\t\t<section class=\"elementor-section elementor-top-section elementor-element elementor-element-c9acec3 elementor-section-boxed elementor-section-height-default elementor-section-height-default\" data-id=\"c9acec3\" data-element_type=\"section\">\n\t\t\t\t\t\t<div class=\"elementor-container elementor-column-gap-default\">\n\t\t\t\t\t<div class=\"elementor-column elementor-col-100 elementor-top-column elementor-element elementor-element-c56a7e1\" data-id=\"c56a7e1\" data-element_type=\"column\">\n\t\t\t<div class=\"elementor-widget-wrap elementor-element-populated\">\n\t\t\t\t\t\t\t\t<div class=\"elementor-element elementor-element-be5e50a elementor-widget elementor-widget-spacer\" data-id=\"be5e50a\" data-element_type=\"widget\" data-widget_type=\"spacer.default\">\n\t\t\t\t<div class=\"elementor-widget-container\">\n\t\t\t\t\t<div class=\"elementor-spacer\">\n\t\t\t<div class=\"elementor-spacer-inner\"><\/div>\n\t\t<\/div>\n\t\t\t\t<\/div>\n\t\t\t\t<\/div>\n\t\t\t\t\t<\/div>\n\t\t<\/div>\n\t\t\t\t\t\t\t<\/div>\n\t\t<\/section>\n\t\t\t\t<section class=\"elementor-section elementor-top-section elementor-element elementor-element-8d5c196 elementor-section-boxed elementor-section-height-default elementor-section-height-default\" data-id=\"8d5c196\" data-element_type=\"section\">\n\t\t\t\t\t\t<div class=\"elementor-container elementor-column-gap-default\">\n\t\t\t\t\t<div class=\"elementor-column elementor-col-100 elementor-top-column elementor-element elementor-element-fca5899\" data-id=\"fca5899\" data-element_type=\"column\">\n\t\t\t<div class=\"elementor-widget-wrap elementor-element-populated\">\n\t\t\t\t\t\t\t\t<div class=\"elementor-element elementor-element-9b6f67f elementor-widget elementor-widget-heading\" data-id=\"9b6f67f\" data-element_type=\"widget\" data-widget_type=\"heading.default\">\n\t\t\t\t<div class=\"elementor-widget-container\">\n\t\t\t<h2 class=\"elementor-heading-title elementor-size-default\">Versi\u00f3n resumida<\/h2>\t\t<\/div>\n\t\t\t\t<\/div>\n\t\t\t\t\t<\/div>\n\t\t<\/div>\n\t\t\t\t\t\t\t<\/div>\n\t\t<\/section>\n\t\t\t\t<section class=\"elementor-section elementor-top-section elementor-element elementor-element-3afca56 elementor-section-boxed elementor-section-height-default elementor-section-height-default\" data-id=\"3afca56\" data-element_type=\"section\">\n\t\t\t\t\t\t<div class=\"elementor-container elementor-column-gap-default\">\n\t\t\t\t\t<div class=\"elementor-column elementor-col-100 elementor-top-column elementor-element elementor-element-36ed612\" data-id=\"36ed612\" data-element_type=\"column\">\n\t\t\t<div class=\"elementor-widget-wrap elementor-element-populated\">\n\t\t\t\t\t\t\t\t<div class=\"elementor-element elementor-element-53248b3 elementor-widget elementor-widget-text-editor\" data-id=\"53248b3\" data-element_type=\"widget\" data-widget_type=\"text-editor.default\">\n\t\t\t\t<div class=\"elementor-widget-container\">\n\t\t\t\t\t\t\t<p>Agostina Tarchini:<\/p>\n<p>\u2013\u00a0<strong>Campeona Mundial de Tango Escenario<\/strong>\u00a0(2017)<br \/>\u2013 Subcampeona del Festival de TangoV\u00eda Feria de Manizales. (Colombia 2015).<br \/>\u2013 Best Female Dancer en el Festival CIOFF Buyukcekmece (Turqu\u00eda 2016).<br \/>\u2013 Miss Festival dentro del marco del festival de CIOFF \u201cInterfolk Festival\u201d Kolobrzeg. (Polonia 2016).<\/p>\n<p><br \/>Actualmente reside en Barcelona y desarrolla su actividad otorgando workshops y shows a nivel internacional (principalmente Asia y Europa)<\/p>\t\t\t\t\t\t<\/div>\n\t\t\t\t<\/div>\n\t\t\t\t\t<\/div>\n\t\t<\/div>\n\t\t\t\t\t\t\t<\/div>\n\t\t<\/section>\n\t\t\t\t\t\t\t<\/div>\n\t\t","protected":false},"excerpt":{"rendered":"<p>Download CV Professional career Agostina Tarchini:Psychologist, choreographer And profesional dancer. \u00a0 \u2013\u00a0World Stage Tango Champion\u00a0in Buenos Aires (2017) \u2013 Subchampion of the TangoV\u00eda Feria de Manizales Festival. (Colombia 2015). \u2013 Best Female Dancer at the CIOFF Buyukcekmece Festival (T\u00fcrkiye 2016). \u00a0 Creator of her own style called tangofemme, which seeks to strengthen the self-esteem of women. \u00a0 She is argentinian, but currently resides in Barcelona where develops her activity giving workshops and shows internationally (mainly Asia and Europe). Versi\u00f3n extendida Agostina Tarchini: Nacida en Santiago del Estero. Es core\u00f3grafa y bailarina profesional. Licenciada en Psicolog\u00eda, recibida con honores de la<\/p>\n","protected":false},"author":2,"featured_media":0,"parent":0,"menu_order":0,"comment_status":"closed","ping_status":"closed","template":"","meta":{"footnotes":""},"_links":{"self":[{"href":"https:\/\/agostinatarchini.com\/index.php?rest_route=\/wp\/v2\/pages\/486"}],"collection":[{"href":"https:\/\/agostinatarchini.com\/index.php?rest_route=\/wp\/v2\/pages"}],"about":[{"href":"https:\/\/agostinatarchini.com\/index.php?rest_route=\/wp\/v2\/types\/page"}],"author":[{"embeddable":true,"href":"https:\/\/agostinatarchini.com\/index.php?rest_route=\/wp\/v2\/users\/2"}],"replies":[{"embeddable":true,"href":"https:\/\/agostinatarchini.com\/index.php?rest_route=%2Fwp%2Fv2%2Fcomments&post=486"}],"version-history":[{"count":21,"href":"https:\/\/agostinatarchini.com\/index.php?rest_route=\/wp\/v2\/pages\/486\/revisions"}],"predecessor-version":[{"id":513,"href":"https:\/\/agostinatarchini.com\/index.php?rest_route=\/wp\/v2\/pages\/486\/revisions\/513"}],"wp:attachment":[{"href":"https:\/\/agostinatarchini.com\/index.php?rest_route=%2Fwp%2Fv2%2Fmedia&parent=486"}],"curies":[{"name":"wp","href":"https:\/\/api.w.org\/{rel}","templated":true}]}}