{"id":156,"date":"2023-05-14T11:04:23","date_gmt":"2023-05-14T11:04:23","guid":{"rendered":"https:\/\/agostinatarchini.com\/?page_id=156"},"modified":"2023-05-14T19:58:12","modified_gmt":"2023-05-14T19:58:12","slug":"photobook","status":"publish","type":"page","link":"https:\/\/agostinatarchini.com\/?page_id=156","title":{"rendered":"Photobook"},"content":{"rendered":"\n<p class=\"has-small-font-size\" style=\"padding-top:0;padding-right:var(--wp--preset--spacing--30);padding-bottom:var(--wp--preset--spacing--80);padding-left:var(--wp--preset--spacing--30)\">\u00a9 2023 Agostina Tarchini. Todos los derechos reservados. Ninguna parte de esta publicaci\u00f3n, incluyendo las fotograf\u00edas y el dise\u00f1o, pueden ser reproducidas o transmitidas de ninguna manera o por ning\u00fan medio, electr\u00f3nico o mec\u00e1nico, sin la autorizaci\u00f3n previa del propietario del copyright.<\/p>\n\n\n\n<div class=\"wp-block-gutenverse-image guten-element guten-image guten-8HPp8e\"><a class=\"guten-image-wrapper\" href=\"http:\/\/agostinatarchini.com\/wp-content\/uploads\/2023\/05\/contra1-scaled.jpg\" target=\"_blank\" rel=\"noreferrer noopener\"><img decoding=\"async\" loading=\"lazy\" class=\"gutenverse-image-box-filled\" src=\"http:\/\/agostinatarchini.com\/wp-content\/uploads\/2023\/05\/contra1-scaled.jpg\" height=\"2560\" width=\"2268\"\/><\/a><\/div>\n\n\n\n<div class=\"wp-block-gutenverse-image guten-element guten-image guten-BSSLmH\"><a class=\"guten-image-wrapper\" href=\"http:\/\/agostinatarchini.com\/wp-content\/uploads\/2023\/05\/backlightAgos-copia2-scaled.jpg\" target=\"_blank\" rel=\"noreferrer noopener\"><img decoding=\"async\" loading=\"lazy\" class=\"gutenverse-image-box-filled\" src=\"http:\/\/agostinatarchini.com\/wp-content\/uploads\/2023\/05\/backlightAgos-copia2-scaled.jpg\" height=\"2560\" width=\"2244\"\/><\/a><\/div>\n\n\n\n<div class=\"wp-block-gutenverse-image guten-element guten-image guten-qWan5A\"><a class=\"guten-image-wrapper\" href=\"http:\/\/agostinatarchini.com\/wp-content\/uploads\/2023\/05\/Agos8-scaled.jpg\" target=\"_blank\" rel=\"noreferrer noopener\"><img decoding=\"async\" loading=\"lazy\" class=\"gutenverse-image-box-filled\" src=\"http:\/\/agostinatarchini.com\/wp-content\/uploads\/2023\/05\/Agos8-scaled.jpg\" height=\"2560\" width=\"2280\"\/><\/a><\/div>\n\n\n\n<div class=\"wp-block-gutenverse-image guten-element guten-image guten-mqwIKd\"><a class=\"guten-image-wrapper\" href=\"http:\/\/agostinatarchini.com\/wp-content\/uploads\/2023\/05\/Agos13-scaled.jpg\" target=\"_blank\" rel=\"noreferrer noopener\"><img decoding=\"async\" loading=\"lazy\" class=\"gutenverse-image-box-filled\" src=\"http:\/\/agostinatarchini.com\/wp-content\/uploads\/2023\/05\/Agos13-scaled.jpg\" height=\"2560\" width=\"1908\"\/><\/a><\/div>\n\n\n\n<div class=\"wp-block-gutenverse-image guten-element guten-image guten-AGsqSH\"><a class=\"guten-image-wrapper\" href=\"http:\/\/agostinatarchini.com\/wp-content\/uploads\/2023\/05\/Agos11-scaled.jpg\" target=\"_blank\" rel=\"noreferrer noopener\"><img decoding=\"async\" loading=\"lazy\" class=\"gutenverse-image-box-filled\" src=\"http:\/\/agostinatarchini.com\/wp-content\/uploads\/2023\/05\/Agos11-scaled.jpg\" height=\"2560\" width=\"2120\"\/><\/a><\/div>\n\n\n\n<div class=\"wp-block-gutenverse-image guten-element guten-image guten-3Lboc1\"><a class=\"guten-image-wrapper\" href=\"http:\/\/agostinatarchini.com\/wp-content\/uploads\/2023\/05\/Agos5-scaled.jpg\" target=\"_blank\" rel=\"noreferrer noopener\"><img decoding=\"async\" loading=\"lazy\" class=\"gutenverse-image-box-filled\" src=\"http:\/\/agostinatarchini.com\/wp-content\/uploads\/2023\/05\/Agos5-scaled.jpg\" height=\"2560\" width=\"2248\"\/><\/a><\/div>\n\n\n\n<div class=\"wp-block-gutenverse-image guten-element guten-image guten-pfNkWn\"><a class=\"guten-image-wrapper\" href=\"http:\/\/agostinatarchini.com\/wp-content\/uploads\/2023\/05\/Agos3-scaled.jpg\" target=\"_blank\" rel=\"noreferrer noopener\"><img decoding=\"async\" loading=\"lazy\" class=\"gutenverse-image-box-filled\" src=\"http:\/\/agostinatarchini.com\/wp-content\/uploads\/2023\/05\/Agos3-scaled.jpg\" height=\"2560\" width=\"2367\"\/><\/a><\/div>\n\n\n\n<div class=\"wp-block-gutenverse-image guten-element guten-image guten-Dttrmm\"><a class=\"guten-image-wrapper\" href=\"http:\/\/agostinatarchini.com\/wp-content\/uploads\/2023\/05\/Agos4-scaled.jpg\" target=\"_blank\" rel=\"noreferrer noopener\"><img decoding=\"async\" loading=\"lazy\" class=\"gutenverse-image-box-filled\" src=\"http:\/\/agostinatarchini.com\/wp-content\/uploads\/2023\/05\/Agos4-scaled.jpg\" height=\"2560\" width=\"2273\"\/><\/a><\/div>\n\n\n\n<div class=\"wp-block-gutenverse-image guten-element guten-image guten-qH2Nfc\"><a class=\"guten-image-wrapper\" href=\"http:\/\/agostinatarchini.com\/wp-content\/uploads\/2023\/05\/4E8FAF86-C179-4128-988F-20BEEBC09AFD.jpg\" target=\"_blank\" rel=\"noreferrer noopener\"><img decoding=\"async\" loading=\"lazy\" class=\"gutenverse-image-box-filled\" src=\"http:\/\/agostinatarchini.com\/wp-content\/uploads\/2023\/05\/4E8FAF86-C179-4128-988F-20BEEBC09AFD.jpg\" height=\"1243\" width=\"828\"\/><\/a><\/div>\n\n\n\n<div class=\"wp-block-gutenverse-image guten-element guten-image guten-UETcCd\"><a class=\"guten-image-wrapper\" href=\"http:\/\/agostinatarchini.com\/wp-content\/uploads\/2023\/05\/94417FAB-B453-4533-B191-67F08B9F4AF0.jpg\" target=\"_blank\" rel=\"noreferrer noopener\"><img decoding=\"async\" loading=\"lazy\" class=\"gutenverse-image-box-filled\" src=\"http:\/\/agostinatarchini.com\/wp-content\/uploads\/2023\/05\/94417FAB-B453-4533-B191-67F08B9F4AF0.jpg\" height=\"1192\" width=\"828\"\/><\/a><\/div>\n\n\n\n<div class=\"wp-block-gutenverse-image guten-element guten-image guten-tKbSvt\"><a class=\"guten-image-wrapper\" href=\"http:\/\/agostinatarchini.com\/wp-content\/uploads\/2023\/05\/AEC22536-16FA-4279-B01F-A3B9C781B3CC-e1684061041722.jpg\" target=\"_blank\" rel=\"noreferrer noopener\"><img decoding=\"async\" loading=\"lazy\" class=\"gutenverse-image-box-filled\" src=\"http:\/\/agostinatarchini.com\/wp-content\/uploads\/2023\/05\/AEC22536-16FA-4279-B01F-A3B9C781B3CC-e1684061041722.jpg\" height=\"910\" width=\"826\"\/><\/a><\/div>\n\n\n\n<div class=\"wp-block-gutenverse-image guten-element guten-image guten-7VDT1B\"><a class=\"guten-image-wrapper\" href=\"http:\/\/agostinatarchini.com\/wp-content\/uploads\/2023\/05\/MOSH1-1-scaled-e1684060143650.jpg\" target=\"_blank\" rel=\"noreferrer noopener\"><img decoding=\"async\" loading=\"lazy\" class=\"gutenverse-image-box-filled\" src=\"http:\/\/agostinatarchini.com\/wp-content\/uploads\/2023\/05\/MOSH1-1-scaled-e1684060143650.jpg\" height=\"1555\" width=\"2022\"\/><\/a><\/div>\n","protected":false},"excerpt":{"rendered":"<p>\u00a9 2023 Agostina Tarchini. Todos los derechos reservados. Ninguna parte de esta publicaci\u00f3n, incluyendo las fotograf\u00edas y el dise\u00f1o, pueden ser reproducidas o transmitidas de ninguna manera o por ning\u00fan medio, electr\u00f3nico o mec\u00e1nico, sin la autorizaci\u00f3n previa del propietario del copyright.<\/p>\n","protected":false},"author":2,"featured_media":15,"parent":0,"menu_order":0,"comment_status":"closed","ping_status":"closed","template":"","meta":{"footnotes":""},"_links":{"self":[{"href":"https:\/\/agostinatarchini.com\/index.php?rest_route=\/wp\/v2\/pages\/156"}],"collection":[{"href":"https:\/\/agostinatarchini.com\/index.php?rest_route=\/wp\/v2\/pages"}],"about":[{"href":"https:\/\/agostinatarchini.com\/index.php?rest_route=\/wp\/v2\/types\/page"}],"author":[{"embeddable":true,"href":"https:\/\/agostinatarchini.com\/index.php?rest_route=\/wp\/v2\/users\/2"}],"replies":[{"embeddable":true,"href":"https:\/\/agostinatarchini.com\/index.php?rest_route=%2Fwp%2Fv2%2Fcomments&post=156"}],"version-history":[{"count":30,"href":"https:\/\/agostinatarchini.com\/index.php?rest_route=\/wp\/v2\/pages\/156\/revisions"}],"predecessor-version":[{"id":336,"href":"https:\/\/agostinatarchini.com\/index.php?rest_route=\/wp\/v2\/pages\/156\/revisions\/336"}],"wp:featuredmedia":[{"embeddable":true,"href":"https:\/\/agostinatarchini.com\/index.php?rest_route=\/wp\/v2\/media\/15"}],"wp:attachment":[{"href":"https:\/\/agostinatarchini.com\/index.php?rest_route=%2Fwp%2Fv2%2Fmedia&parent=156"}],"curies":[{"name":"wp","href":"https:\/\/api.w.org\/{rel}","templated":true}]}}